{"id":3,"date":"2023-05-18T06:13:47","date_gmt":"2023-05-18T06:13:47","guid":{"rendered":"https:\/\/oystr.rentals\/?page_id=3"},"modified":"2025-09-08T09:01:52","modified_gmt":"2025-09-08T09:01:52","slug":"privacy-policy","status":"publish","type":"page","link":"https:\/\/oystr.rentals\/pt\/privacy-policy\/","title":{"rendered":"Pol\u00edtica De Privacidade"},"content":{"rendered":"<div data-elementor-type=\"wp-page\" data-elementor-id=\"3\" class=\"elementor elementor-3\" data-elementor-post-type=\"page\">\n\t\t\t\t<div class=\"elementor-element elementor-element-61fe3cf e-flex e-con-boxed e-con e-parent\" data-id=\"61fe3cf\" data-element_type=\"container\" data-e-type=\"container\" data-settings=\"{&quot;background_background&quot;:&quot;classic&quot;}\">\n\t\t\t\t\t<div class=\"e-con-inner\">\n\t\t<div class=\"elementor-element elementor-element-c151b1d e-con-full e-flex e-con e-child\" data-id=\"c151b1d\" data-element_type=\"container\" data-e-type=\"container\">\n\t\t\t\t<div class=\"elementor-element elementor-element-709a51a elementor-widget elementor-widget-heading\" data-id=\"709a51a\" data-element_type=\"widget\" data-e-type=\"widget\" data-widget_type=\"heading.default\">\n\t\t\t\t<div class=\"elementor-widget-container\">\n\t\t\t\t\t<h1 class=\"elementor-heading-title elementor-size-default\">Pol\u00edtica De Privacidade<\/h1>\t\t\t\t<\/div>\n\t\t\t\t<\/div>\n\t\t\t\t<\/div>\n\t\t\t\t\t<\/div>\n\t\t\t\t<\/div>\n\t\t<div class=\"elementor-element elementor-element-b058e1b e-flex e-con-boxed e-con e-parent\" data-id=\"b058e1b\" data-element_type=\"container\" data-e-type=\"container\" data-settings=\"{&quot;background_background&quot;:&quot;classic&quot;}\">\n\t\t\t\t\t<div class=\"e-con-inner\">\n\t\t<div class=\"elementor-element elementor-element-88e0197 e-con-full e-flex e-con e-child\" data-id=\"88e0197\" data-element_type=\"container\" data-e-type=\"container\">\n\t\t\t\t<div class=\"elementor-element elementor-element-97ff2d5 elementor-widget elementor-widget-text-editor\" data-id=\"97ff2d5\" data-element_type=\"widget\" data-e-type=\"widget\" data-widget_type=\"text-editor.default\">\n\t\t\t\t<div class=\"elementor-widget-container\">\n\t\t\t\t\t\t\t\t\t<p data-start=\"324\" data-end=\"581\">A sua privacidade \u00e9 importante para n\u00f3s. Esta Pol\u00edtica de Privacidade explica como coletamos, usamos, divulgamos, e proteger as suas informa\u00e7\u00f5es pessoais quando voc\u00ea visita este site ou uso dos nossos servi\u00e7os, incluindo a reserva de um aluguer de f\u00e9rias, a apresenta\u00e7\u00e3o de um pedido de informa\u00e7\u00f5es, ou entrar em contato conosco.<\/p><p data-start=\"583\" data-end=\"646\">Ao utilizar este site, voc\u00ea aceita as pr\u00e1ticas descritas abaixo.<\/p><hr data-start=\"648\" data-end=\"651\" \/><h3 data-start=\"653\" data-end=\"681\">1. Informa\u00e7\u00f5es Que Coletamos<\/h3><p data-start=\"683\" data-end=\"742\">N\u00f3s podemos coletar os seguintes tipos de informa\u00e7\u00f5es pessoais:<\/p><ul data-start=\"744\" data-end=\"1159\"><li data-start=\"744\" data-end=\"804\"><p data-start=\"746\" data-end=\"804\"><strong data-start=\"746\" data-end=\"769\">Informa\u00e7\u00f5es De Contato<\/strong>: Nome, endere\u00e7o de e-mail, n\u00famero de telefone<\/p><\/li><li data-start=\"805\" data-end=\"878\"><p data-start=\"807\" data-end=\"878\"><strong data-start=\"807\" data-end=\"826\">Detalhes Da Reserva<\/strong>: Datas de estadia, n\u00famero de h\u00f3spedes, de propriedade selecionada<\/p><\/li><li data-start=\"879\" data-end=\"959\"><p data-start=\"881\" data-end=\"959\"><strong data-start=\"881\" data-end=\"904\">Informa\u00e7\u00f5es De Pagamento<\/strong>Recolhidos de forma segura atrav\u00e9s de terceiros processadores de pagamento<\/p><\/li><li data-start=\"960\" data-end=\"1036\"><p data-start=\"962\" data-end=\"1036\"><strong data-start=\"962\" data-end=\"983\">Informa\u00e7\u00f5es De Conta De Usu\u00e1rio<\/strong> (se aplic\u00e1veis): detalhes de in\u00edcio de sess\u00e3o e salvo prefer\u00eancias<\/p><\/li><li data-start=\"1037\" data-end=\"1159\"><p data-start=\"1039\" data-end=\"1159\"><strong data-start=\"1039\" data-end=\"1057\">Dados T\u00e9cnicos<\/strong>O endere\u00e7o de IP, tipo de navegador, p\u00e1ginas visitadas, tempo gasto no site (atrav\u00e9s de cookies ou de ferramentas de an\u00e1lise de dados)<\/p><\/li><\/ul><hr data-start=\"1161\" data-end=\"1164\" \/><h3 data-start=\"1166\" data-end=\"1199\">2. Como Usamos Suas Informa\u00e7\u00f5es<\/h3><p data-start=\"1201\" data-end=\"1237\">Podemos utilizar a informa\u00e7\u00e3o recolhida para:<\/p><ul data-start=\"1239\" data-end=\"1497\"><li data-start=\"1239\" data-end=\"1290\"><p data-start=\"1241\" data-end=\"1290\">Responder a perguntas e prestar apoio ao cliente<\/p><\/li><li data-start=\"1291\" data-end=\"1336\"><p data-start=\"1293\" data-end=\"1336\">Processar e gerir reservas ou reservas<\/p><\/li><li data-start=\"1337\" data-end=\"1385\"><p data-start=\"1339\" data-end=\"1385\">Comunicar atualiza\u00e7\u00f5es importantes ou confirma\u00e7\u00f5es<\/p><\/li><li data-start=\"1386\" data-end=\"1435\"><p data-start=\"1388\" data-end=\"1435\">Melhorar o desempenho do site e a experi\u00eancia do usu\u00e1rio<\/p><\/li><li data-start=\"1436\" data-end=\"1497\"><p data-start=\"1438\" data-end=\"1497\">Enviar e-mails promocionais e ofertas (somente se voc\u00ea tiver ativado)<\/p><\/li><\/ul><p data-start=\"1499\" data-end=\"1544\">N\u00f3s nunca venderemos suas informa\u00e7\u00f5es pessoais.<\/p><hr data-start=\"1546\" data-end=\"1549\" \/><h3 data-start=\"1551\" data-end=\"1579\">3. Compartilhamento de Informa\u00e7\u00f5es<\/h3><p data-start=\"1581\" data-end=\"1656\">Podemos compartilhar seus dados com terceiros, somente nas seguintes situa\u00e7\u00f5es:<\/p><ul data-start=\"1658\" data-end=\"1989\"><li data-start=\"1658\" data-end=\"1742\"><p data-start=\"1660\" data-end=\"1742\"><strong data-start=\"1660\" data-end=\"1681\">Prestadores De Servi\u00e7os<\/strong>: Processamento de pagamentos, gerenciar as reservas, ou host de dados de forma segura<\/p><\/li><li data-start=\"1743\" data-end=\"1856\"><p data-start=\"1745\" data-end=\"1856\"><strong data-start=\"1745\" data-end=\"1767\">Requisitos Legais<\/strong>: Quando necess\u00e1rio, para cumprir com as leis aplic\u00e1veis, procedimentos legais ou solicita\u00e7\u00f5es governamentais<\/p><\/li><li data-start=\"1857\" data-end=\"1989\"><p data-start=\"1859\" data-end=\"1989\"><strong data-start=\"1859\" data-end=\"1880\">Plataforma De Parceiros<\/strong>: Se voc\u00ea reservar atrav\u00e9s de um site de terceiros (e.g. Airbnb, Vrbo), seus dados tamb\u00e9m est\u00e1 sujeito as suas pol\u00edticas de privacidade<\/p><\/li><\/ul><hr data-start=\"1991\" data-end=\"1994\" \/><h3 data-start=\"1996\" data-end=\"2020\">4. Cookies E Rastreamento<\/h3><p data-start=\"2022\" data-end=\"2073\">Este site usa cookies e outras tecnologias semelhantes para:<\/p><ul data-start=\"2075\" data-end=\"2194\"><li data-start=\"2075\" data-end=\"2105\"><p data-start=\"2077\" data-end=\"2105\">Reconhecer visitantes que retornam<\/p><\/li><li data-start=\"2106\" data-end=\"2133\"><p data-start=\"2108\" data-end=\"2133\">Lembre-se de suas prefer\u00eancias<\/p><\/li><li data-start=\"2134\" data-end=\"2194\"><p data-start=\"2136\" data-end=\"2194\">Medir o tr\u00e1fego e padr\u00f5es de utiliza\u00e7\u00e3o, atrav\u00e9s de ferramentas de an\u00e1lise de dados<\/p><\/li><\/ul><p data-start=\"2196\" data-end=\"2256\">Voc\u00ea pode gerenciar prefer\u00eancias de cookies atrav\u00e9s das configura\u00e7\u00f5es de seu navegador.<\/p><hr data-start=\"2258\" data-end=\"2261\" \/><h3 data-start=\"2263\" data-end=\"2282\">5. Seguran\u00e7a De Dados<\/h3><p data-start=\"2284\" data-end=\"2471\">Vamos implementar razo\u00e1veis de salvaguarda para proteger os seus dados contra acesso n\u00e3o autorizado, uso ou divulga\u00e7\u00e3o. Isso inclui o processamento de pagamento seguro e de limitar o acesso a informa\u00e7\u00f5es sens\u00edveis.<\/p><p data-start=\"2473\" data-end=\"2583\">No entanto, nenhuma transmiss\u00e3o atrav\u00e9s da internet ou m\u00e9todo de armazenamento \u00e9 100% seguro, n\u00e3o podemos garantir seguran\u00e7a absoluta.<\/p><hr data-start=\"2585\" data-end=\"2588\" \/><h3 data-start=\"2590\" data-end=\"2607\">6. Seus Direitos<\/h3><p data-start=\"2609\" data-end=\"2631\">Voc\u00ea tem o direito de:<\/p><ul data-start=\"2633\" data-end=\"2823\"><li data-start=\"2633\" data-end=\"2678\"><p data-start=\"2635\" data-end=\"2678\">Solicitar o acesso \u00e0s suas informa\u00e7\u00f5es pessoais<\/p><\/li><li data-start=\"2679\" data-end=\"2719\"><p data-start=\"2681\" data-end=\"2719\">Pedir correc\u00e7\u00f5es dados imprecisos<\/p><\/li><li data-start=\"2720\" data-end=\"2766\"><p data-start=\"2722\" data-end=\"2766\">Retirar o consentimento a comunica\u00e7\u00f5es de marketing<\/p><\/li><li data-start=\"2767\" data-end=\"2823\"><p data-start=\"2769\" data-end=\"2823\">Solicita\u00e7\u00e3o de exclus\u00e3o de seus dados, onde \u00e9 permitido legalmente<\/p><\/li><\/ul><p data-start=\"2825\" data-end=\"2892\">Para exercer esses direitos, por favor, utilize o formul\u00e1rio de contato neste site.<\/p><hr data-start=\"2894\" data-end=\"2897\" \/><h3 data-start=\"2899\" data-end=\"2922\">7. Links De Terceiros<\/h3><p data-start=\"2924\" data-end=\"3112\">Este site pode conter links para sites de terceiros. N\u00e3o somos respons\u00e1veis pelas pr\u00e1ticas de privacidade ou conte\u00fado desses sites. Recomendamos que reveja as pol\u00edticas de privacidade deles individualmente.<\/p><hr data-start=\"3114\" data-end=\"3117\" \/><h3 data-start=\"3119\" data-end=\"3143\">8. Privacidade de crian\u00e7as<\/h3><p data-start=\"3145\" data-end=\"3377\">Este site n\u00e3o se destina a indiv\u00edduos menores de 18 anos. N\u00f3s n\u00e3o coletamos dados pessoais de menores de idade. Se n\u00f3s aprendemos que n\u00f3s coletamos dados a partir de uma crian\u00e7a sem o consentimento apropriado, tomaremos medidas para apagar.<\/p><hr data-start=\"3379\" data-end=\"3382\" \/><h3 data-start=\"3384\" data-end=\"3412\">9. Altera\u00e7\u00f5es a Esta Pol\u00edtica<\/h3><p data-start=\"3414\" data-end=\"3602\">N\u00f3s podemos atualizar esta Pol\u00edtica de Privacidade de tempos em tempos. As altera\u00e7\u00f5es ser\u00e3o publicadas nesta p\u00e1gina com a data atualizada da revis\u00e3o. O uso continuado do site indica a aceita\u00e7\u00e3o de quaisquer modifica\u00e7\u00f5es.<\/p><hr data-start=\"3604\" data-end=\"3607\" \/><h3 data-start=\"3609\" data-end=\"3637\">10. D\u00favidas ou Preocupa\u00e7\u00f5es<\/h3><p data-start=\"3639\" data-end=\"3741\">Se voc\u00ea tiver quaisquer perguntas sobre esta Pol\u00edtica de Privacidade, por favor entre em contato conosco.<\/p>\t\t\t\t\t\t\t\t<\/div>\n\t\t\t\t<\/div>\n\t\t\t\t<\/div>\n\t\t\t\t\t<\/div>\n\t\t\t\t<\/div>\n\t\t\t\t<\/div>","protected":false},"excerpt":{"rendered":"<p>Your privacy is important to us. This Privacy Policy explains how we collect, use, disclose, and protect your personal information when you visit this website or use our services, including booking a vacation rental, submitting an inquiry, or contacting us. By using this site, you agree to the practices described below. 1. Information We Collect [&hellip;]<\/p>\n","protected":false},"author":2,"featured_media":0,"parent":0,"menu_order":0,"comment_status":"closed","ping_status":"open","template":"elementor_header_footer","meta":{"_acf_changed":false,"footnotes":""},"class_list":["post-3","page","type-page","status-publish","hentry"],"acf":[],"_links":{"self":[{"href":"https:\/\/oystr.rentals\/pt\/wp-json\/wp\/v2\/pages\/3","targetHints":{"allow":["GET"]}}],"collection":[{"href":"https:\/\/oystr.rentals\/pt\/wp-json\/wp\/v2\/pages"}],"about":[{"href":"https:\/\/oystr.rentals\/pt\/wp-json\/wp\/v2\/types\/page"}],"author":[{"embeddable":true,"href":"https:\/\/oystr.rentals\/pt\/wp-json\/wp\/v2\/users\/2"}],"replies":[{"embeddable":true,"href":"https:\/\/oystr.rentals\/pt\/wp-json\/wp\/v2\/comments?post=3"}],"version-history":[{"count":7,"href":"https:\/\/oystr.rentals\/pt\/wp-json\/wp\/v2\/pages\/3\/revisions"}],"predecessor-version":[{"id":200104,"href":"https:\/\/oystr.rentals\/pt\/wp-json\/wp\/v2\/pages\/3\/revisions\/200104"}],"wp:attachment":[{"href":"https:\/\/oystr.rentals\/pt\/wp-json\/wp\/v2\/media?parent=3"}],"curies":[{"name":"wp","href":"https:\/\/api.w.org\/{rel}","templated":true}]}}