{"id":196974,"date":"2024-11-20T11:06:56","date_gmt":"2024-11-20T11:06:56","guid":{"rendered":"https:\/\/oystr.rentals\/?page_id=196974"},"modified":"2026-03-03T23:18:30","modified_gmt":"2026-03-03T23:18:30","slug":"terms-and-conditions","status":"publish","type":"page","link":"https:\/\/oystr.rentals\/pt\/terms-and-conditions\/","title":{"rendered":"Termos e Condi\u00e7\u00f5es"},"content":{"rendered":"<div data-elementor-type=\"wp-page\" data-elementor-id=\"196974\" class=\"elementor elementor-196974\" data-elementor-post-type=\"page\">\n\t\t\t\t<div class=\"elementor-element elementor-element-fcca0c6 e-flex e-con-boxed e-con e-parent\" data-id=\"fcca0c6\" data-element_type=\"container\" data-e-type=\"container\" data-settings=\"{&quot;background_background&quot;:&quot;classic&quot;}\">\n\t\t\t\t\t<div class=\"e-con-inner\">\n\t\t<div class=\"elementor-element elementor-element-37c4800 e-con-full e-flex e-con e-child\" data-id=\"37c4800\" data-element_type=\"container\" data-e-type=\"container\">\n\t\t\t\t<div class=\"elementor-element elementor-element-f1886a7 elementor-widget elementor-widget-heading\" data-id=\"f1886a7\" data-element_type=\"widget\" data-e-type=\"widget\" data-widget_type=\"heading.default\">\n\t\t\t\t<div class=\"elementor-widget-container\">\n\t\t\t\t\t<h1 class=\"elementor-heading-title elementor-size-default\">Termos e Condi\u00e7\u00f5es<\/h1>\t\t\t\t<\/div>\n\t\t\t\t<\/div>\n\t\t\t\t<\/div>\n\t\t\t\t\t<\/div>\n\t\t\t\t<\/div>\n\t\t\t\t<section class=\"elementor-section elementor-top-section elementor-element elementor-element-6e5edd4 elementor-section-boxed elementor-section-height-default elementor-section-height-default\" data-id=\"6e5edd4\" data-element_type=\"section\" data-e-type=\"section\" data-settings=\"{&quot;background_background&quot;:&quot;classic&quot;}\">\n\t\t\t\t\t\t<div class=\"elementor-container elementor-column-gap-default\">\n\t\t\t\t\t<div class=\"elementor-column elementor-col-100 elementor-top-column elementor-element elementor-element-f2b9411\" data-id=\"f2b9411\" data-element_type=\"column\" data-e-type=\"column\">\n\t\t\t<div class=\"elementor-widget-wrap elementor-element-populated\">\n\t\t\t\t\t\t<div class=\"elementor-element elementor-element-91ced21 elementor-widget elementor-widget-text-editor\" data-id=\"91ced21\" data-element_type=\"widget\" data-e-type=\"widget\" data-widget_type=\"text-editor.default\">\n\t\t\t\t<div class=\"elementor-widget-container\">\n\t\t\t\t\t\t\t\t\t<p data-start=\"314\" data-end=\"573\">Bem-vindo(a) \u00e0 Oystr Rentals. Ao acessar este site, enviar uma solicita\u00e7\u00e3o ou reservar um im\u00f3vel, voc\u00ea concorda em estar vinculado(a) aos termos e condi\u00e7\u00f5es descritos abaixo. Este acordo constitui um entendimento legal entre voc\u00ea (o usu\u00e1rio ou h\u00f3spede) e o operador deste site.<\/p><p data-start=\"575\" data-end=\"666\">Por favor, leia o seguinte f\u00e9rias aluguer termos e condi\u00e7\u00f5es cuidadosamente antes de prosseguir.<\/p><hr data-start=\"668\" data-end=\"671\" \/><h2 data-start=\"673\" data-end=\"691\">1. Introdu\u00e7\u00e3o<\/h2><p data-start=\"693\" data-end=\"1086\">Estes Termos e Condi\u00e7\u00f5es regem o seu uso deste site e suas reservas de curto prazo aluguer de f\u00e9rias propriedades listadas aqui. Ao utilizar este site ou completar uma reserva, voc\u00ea reconhece que leu, entendeu e concorda em estar legalmente respaldado por estes termos. Se voc\u00ea n\u00e3o concordar com qualquer parte destes termos, voc\u00ea n\u00e3o deve continuar a utilizar o site ou a reserva de uma estadia.<\/p><hr data-start=\"1088\" data-end=\"1091\" \/><h2 data-start=\"1093\" data-end=\"1112\">2. Condi\u00e7\u00f5es De Reserva<\/h2><p data-start=\"1114\" data-end=\"1288\">Propriedades listadas neste site podem ser reservados diretamente atrav\u00e9s do site ou atrav\u00e9s de terceiros plataformas. O processo de reserva ir\u00e1 variar dependendo da plataforma utilizada.<\/p><ul data-start=\"1290\" data-end=\"1771\"><li data-start=\"1290\" data-end=\"1354\"><p data-start=\"1292\" data-end=\"1354\"><strong data-start=\"1292\" data-end=\"1307\">Idade M\u00ednima<\/strong>Os h\u00f3spedes devem ter pelo menos 25 anos de idade para reservar.<\/p><\/li><li data-start=\"1355\" data-end=\"1454\"><p data-start=\"1357\" data-end=\"1454\"><strong data-start=\"1357\" data-end=\"1375\">Identifica\u00e7\u00e3o<\/strong>: V\u00e1lido de identifica\u00e7\u00e3o emitido pelo governo, podem ser requeridas antes ou no momento do check-in.<\/p><\/li><li data-start=\"1455\" data-end=\"1605\"><p data-start=\"1457\" data-end=\"1605\"><strong data-start=\"1457\" data-end=\"1469\">Pagamentos<\/strong>Normalmente, \u00e9 exigido um dep\u00f3sito ou o pagamento integral no momento da reserva.<\/p><p data-pm-slice=\"1 1 []\">Com nosso plano de pagamento em duas etapas, voc\u00ea paga apenas 50% no momento da reserva \u2013 o segundo pagamento de 50% deve ser efetuado no m\u00e1ximo 30 dias antes da chegada.<\/p><p>Ao reservar diretamente conosco, garantimos que voc\u00ea obter\u00e1 uma tarifa melhor do que em outros canais \u2013 nosso b\u00f4nus de reserva direta se aplica a todas as reservas, mesmo que seja a sua primeira.<\/p><\/li><li data-start=\"1606\" data-end=\"1771\"><p data-start=\"1608\" data-end=\"1771\"><strong data-start=\"1608\" data-end=\"1623\">Regras Da Casa<\/strong>: Aceita\u00e7\u00e3o do im\u00f3vel casa de regras \u00e9 necess\u00e1ria. Estes podem incluir pol\u00edticas de ru\u00eddo, convidado limites, check-in\/out, e o uso de amenidades.<\/p><\/li><\/ul><p data-start=\"1773\" data-end=\"1852\">O incumprimento de reservas termos pode resultar no cancelamento, sem direito a reembolso.<\/p><hr data-start=\"1854\" data-end=\"1857\" \/><h2 data-start=\"1859\" data-end=\"1888\">3. Cancelamentos E Reembolsos<\/h2><p data-start=\"1890\" data-end=\"2001\">A pol\u00edtica de cancelamento e reembolso ser\u00e1 claramente indicado durante o processo de reserva. T\u00edpico pol\u00edticas incluem:<\/p><ul data-start=\"2003\" data-end=\"2217\"><li data-start=\"2003\" data-end=\"2078\"><p data-start=\"2005\" data-end=\"2078\"><strong data-start=\"2005\" data-end=\"2020\">Reembolso Total<\/strong>Para cancelamentos feitos com mais de 60 dias de anteced\u00eancia da chegada.<\/p><\/li><li data-start=\"2079\" data-end=\"2150\"><p data-start=\"2081\" data-end=\"2150\"><strong data-start=\"2081\" data-end=\"2099\">Reembolso Parcial<\/strong>Para cancelamentos feitos entre 60 e 30 dias antes da chegada.<\/p><\/li><li data-start=\"2151\" data-end=\"2217\"><p data-start=\"2153\" data-end=\"2217\"><strong data-start=\"2153\" data-end=\"2166\">Nenhum Reembolso<\/strong>Para cancelamentos feitos dentro de 30 dias da chegada.<\/p><\/li><\/ul><p data-start=\"2219\" data-end=\"2398\">Se a reserva \u00e9 feita atrav\u00e9s de uma plataforma de terceiros (tais como o Airbnb, Vrbo, etc.), seus respectivos cancelamento e reembolso de pol\u00edticas de aplicar e podem ser diferentes dos listados acima.<\/p><hr data-start=\"2400\" data-end=\"2403\" \/><h2 data-start=\"2405\" data-end=\"2433\">4. Convidado Responsabilidades<\/h2><p data-start=\"2435\" data-end=\"2535\">Os h\u00f3spedes concordam em tratar a propriedade e a \u00e1rea ao redor com cuidado e respeito durante toda a sua estadia.<\/p><ul data-start=\"2537\" data-end=\"3046\"><li data-start=\"2537\" data-end=\"2626\"><p data-start=\"2539\" data-end=\"2626\"><strong data-start=\"2539\" data-end=\"2567\">Ades\u00e3o \u00e0s Regras da Casa<\/strong>Os h\u00f3spedes devem cumprir com todos os publicada ou comunicada regras.<\/p><\/li><li data-start=\"2627\" data-end=\"2725\"><p data-start=\"2629\" data-end=\"2725\"><strong data-start=\"2629\" data-end=\"2649\">Ocupa\u00e7\u00e3o Limites<\/strong>: Somente o n\u00famero de convidados especificado na reserva pode ficar durante a noite.<\/p><\/li><li data-start=\"2726\" data-end=\"2818\"><p data-start=\"2728\" data-end=\"2818\"><strong data-start=\"2728\" data-end=\"2748\">Festas E Eventos<\/strong>: N\u00e3o autorizado de reuni\u00f5es, festas ou eventos s\u00e3o estritamente proibidos.<\/p><\/li><li data-start=\"2819\" data-end=\"2945\"><p data-start=\"2821\" data-end=\"2945\"><strong data-start=\"2821\" data-end=\"2832\">Danos<\/strong>Os h\u00f3spedes s\u00e3o financeiramente respons\u00e1veis por quaisquer danos, limpeza excessiva, ou itens perdidos causados durante a sua estadia.<\/p><\/li><li data-start=\"2946\" data-end=\"3046\"><p data-start=\"2948\" data-end=\"3046\"><strong data-start=\"2948\" data-end=\"2966\">Animais De Estima\u00e7\u00e3o &amp; Fumadores<\/strong>: A menos que explicitamente permitido, animais de estima\u00e7\u00e3o e fumar n\u00e3o \u00e9 permitido no local.<\/p><\/li><\/ul><p data-start=\"3048\" data-end=\"3151\">Viola\u00e7\u00e3o de h\u00f3spedes responsabilidades pode resultar em expuls\u00e3o e\/ou direitos de dano extra de limpeza.<\/p><hr data-start=\"3153\" data-end=\"3156\" \/><h2 data-start=\"3158\" data-end=\"3178\">5. Uso do Site<\/h2><p data-start=\"3180\" data-end=\"3271\">Os usu\u00e1rios concordam em n\u00e3o se envolver em qualquer uso n\u00e3o autorizado ou ilegal de atividade quando usar este site.<\/p><p data-start=\"3273\" data-end=\"3325\">Proibida comportamentos incluem, mas n\u00e3o est\u00e3o limitados a:<\/p><ul data-start=\"3327\" data-end=\"3488\"><li data-start=\"3327\" data-end=\"3377\"><p data-start=\"3329\" data-end=\"3377\">Tentativa de viola\u00e7\u00e3o ou comprometer a seguran\u00e7a do site<\/p><\/li><li data-start=\"3378\" data-end=\"3421\"><p data-start=\"3380\" data-end=\"3421\">A transmiss\u00e3o de spam ou mensagens n\u00e3o solicitadas<\/p><\/li><li data-start=\"3422\" data-end=\"3488\"><p data-start=\"3424\" data-end=\"3488\">Raspagem, duplica\u00e7\u00e3o, ou utiliza\u00e7\u00e3o indevida de conte\u00fado ou dados do site<\/p><\/li><\/ul><p data-start=\"3490\" data-end=\"3654\">Todo o conte\u00fado deste site \u00e9 propriedade intelectual do propriet\u00e1rio do site a menos que seja indicado o contr\u00e1rio. A reprodu\u00e7\u00e3o ou redistribui\u00e7\u00e3o sem pr\u00e9via autoriza\u00e7\u00e3o \u00e9 proibida.<\/p><hr data-start=\"3656\" data-end=\"3659\" \/><h2 data-start=\"3661\" data-end=\"3687\">6. Isen\u00e7\u00e3o De Responsabilidade<\/h2><p data-start=\"3689\" data-end=\"3756\">O operador deste site e seus parceiros n\u00e3o s\u00e3o respons\u00e1veis por:<\/p><ul data-start=\"3758\" data-end=\"4065\"><li data-start=\"3758\" data-end=\"3839\"><p data-start=\"3760\" data-end=\"3839\"><strong data-start=\"3760\" data-end=\"3778\">Problemas De Websites<\/strong>: Indisponibilidade tempor\u00e1ria, imprecis\u00f5es ou erros t\u00e9cnicos<\/p><\/li><li data-start=\"3840\" data-end=\"3925\"><p data-start=\"3842\" data-end=\"3925\"><strong data-start=\"3842\" data-end=\"3861\">Incidentes De H\u00f3spedes<\/strong>: Les\u00f5es, acidentes, perdas ou furtos que ocorrem durante a estadia<\/p><\/li><li data-start=\"3926\" data-end=\"4065\"><p data-start=\"3928\" data-end=\"4065\"><strong data-start=\"3928\" data-end=\"3945\">For\u00e7a Maior<\/strong>: Atrasos ou cancelamentos devido a desastres naturais, condi\u00e7\u00f5es meteorol\u00f3gicas, greves, a\u00e7\u00f5es governamentais, ou outros eventos incontrol\u00e1veis<\/p><\/li><\/ul><p data-start=\"4067\" data-end=\"4157\">Os h\u00f3spedes s\u00e3o aconselhados a obter de viagem apropriado e seguro m\u00e9dico antes a sua estadia.<\/p><hr data-start=\"4159\" data-end=\"4162\" \/><h2 data-start=\"4164\" data-end=\"4187\">7. Privacidade Refer\u00eancia<\/h2><p data-start=\"4189\" data-end=\"4414\">O uso deste site est\u00e1 sujeito \u00e0s pr\u00e1ticas de privacidade descritas no acompanhamento Pol\u00edtica de Privacidade. Os usu\u00e1rios s\u00e3o encorajados a rever essa pol\u00edtica para compreender como suas informa\u00e7\u00f5es pessoais s\u00e3o coletados, utilizados e protegidos.<\/p><hr data-start=\"4416\" data-end=\"4419\" \/><h2 data-start=\"4421\" data-end=\"4443\">8. Altera\u00e7\u00f5es aos Termos<\/h2><p data-start=\"4445\" data-end=\"4695\">Estes termos e condi\u00e7\u00f5es poder\u00e3o ser atualizados periodicamente. \u00c9 responsabilidade do usu\u00e1rio ou convidado a rever esta p\u00e1gina para atualiza\u00e7\u00f5es antes de fazer a reserva. O uso continuado do site ap\u00f3s as altera\u00e7\u00f5es s\u00e3o publicadas constitui aceita\u00e7\u00e3o dos termos revisados.<\/p><hr data-start=\"4697\" data-end=\"4700\" \/><h2 data-start=\"4702\" data-end=\"4715\">9. Contacto<\/h2><p data-start=\"4717\" data-end=\"4865\">Para quaisquer d\u00favidas sobre estes Termos e Condi\u00e7\u00f5es, os usu\u00e1rios devem usar o apropriado do formul\u00e1rio de contato ou canal de comunica\u00e7\u00e3o disponibilizado no site.<\/p><h2>10. Direitos autorais<\/h2><p data-start=\"4717\" data-end=\"4865\">Todos os elementos desta edi\u00e7\u00e3o eletr\u00f4nica da Oystr Rentals, incluindo textos, fotos, ilustra\u00e7\u00f5es e outros, est\u00e3o protegidos por lei, de acordo com o C\u00f3digo de Direitos Autorais e Direitos Conexos. A c\u00f3pia, reprodu\u00e7\u00e3o e dissemina\u00e7\u00e3o sem a autoriza\u00e7\u00e3o expressa da Oystr Rentals s\u00e3o expressamente proibidas, exceto pelo direito de cita\u00e7\u00e3o definido por lei.\u00a0<span style=\"color: inherit; background-color: inherit; letter-spacing: inherit;\">\u00c9 expressamente proibida a utiliza\u00e7\u00e3o comercial dos elementos presentes na edi\u00e7\u00e3o eletr\u00f4nica da Oystr Rentals, incluindo textos, fotos, ilustra\u00e7\u00f5es e outros.<\/span><\/p><p data-start=\"4717\" data-end=\"4865\">A Oystr Rentals reserva-se o direito de tomar medidas legais contra aqueles que se envolverem em c\u00f3pia, reprodu\u00e7\u00e3o, dissemina\u00e7\u00e3o ou explora\u00e7\u00e3o comercial n\u00e3o autorizadas dos elementos desta edi\u00e7\u00e3o eletr\u00f4nica.<\/p><p data-start=\"4717\" data-end=\"4865\">\u00daltima atualiza\u00e7\u00e3o\u00a0<\/p><p data-start=\"4717\" data-end=\"4865\">1\u00ba de mar\u00e7o de 2026 | \u00a9 2026 Oystr Rentals | Todos os direitos reservados<\/p><p data-start=\"4717\" data-end=\"4865\">\u00a0<\/p>\t\t\t\t\t\t\t\t<\/div>\n\t\t\t\t<\/div>\n\t\t\t\t\t<\/div>\n\t\t<\/div>\n\t\t\t\t\t<\/div>\n\t\t<\/section>\n\t\t\t\t<\/div>","protected":false},"excerpt":{"rendered":"<p>Welcome to Oystr Rentals. By accessing this website, submitting an inquiry, or booking a property, you agree to be bound by the terms and conditions outlined below. This agreement constitutes a legal understanding between you (the user or guest) and the operator of this site. Please read the following vacation rental terms and conditions carefully [&hellip;]<\/p>\n","protected":false},"author":2,"featured_media":0,"parent":0,"menu_order":0,"comment_status":"closed","ping_status":"closed","template":"elementor_header_footer","meta":{"_acf_changed":false,"footnotes":""},"class_list":["post-196974","page","type-page","status-publish","hentry"],"acf":[],"_links":{"self":[{"href":"https:\/\/oystr.rentals\/pt\/wp-json\/wp\/v2\/pages\/196974","targetHints":{"allow":["GET"]}}],"collection":[{"href":"https:\/\/oystr.rentals\/pt\/wp-json\/wp\/v2\/pages"}],"about":[{"href":"https:\/\/oystr.rentals\/pt\/wp-json\/wp\/v2\/types\/page"}],"author":[{"embeddable":true,"href":"https:\/\/oystr.rentals\/pt\/wp-json\/wp\/v2\/users\/2"}],"replies":[{"embeddable":true,"href":"https:\/\/oystr.rentals\/pt\/wp-json\/wp\/v2\/comments?post=196974"}],"version-history":[{"count":21,"href":"https:\/\/oystr.rentals\/pt\/wp-json\/wp\/v2\/pages\/196974\/revisions"}],"predecessor-version":[{"id":200099,"href":"https:\/\/oystr.rentals\/pt\/wp-json\/wp\/v2\/pages\/196974\/revisions\/200099"}],"wp:attachment":[{"href":"https:\/\/oystr.rentals\/pt\/wp-json\/wp\/v2\/media?parent=196974"}],"curies":[{"name":"wp","href":"https:\/\/api.w.org\/{rel}","templated":true}]}}