{"id":3,"date":"2023-05-18T06:13:47","date_gmt":"2023-05-18T06:13:47","guid":{"rendered":"https:\/\/oystr.rentals\/?page_id=3"},"modified":"2025-09-08T09:01:52","modified_gmt":"2025-09-08T09:01:52","slug":"privacy-policy","status":"publish","type":"page","link":"https:\/\/oystr.rentals\/de\/privacy-policy\/","title":{"rendered":"Datenschutzerkl\u00e4rung"},"content":{"rendered":"<div data-elementor-type=\"wp-page\" data-elementor-id=\"3\" class=\"elementor elementor-3\" data-elementor-post-type=\"page\">\n\t\t\t\t<div class=\"elementor-element elementor-element-61fe3cf e-flex e-con-boxed e-con e-parent\" data-id=\"61fe3cf\" data-element_type=\"container\" data-e-type=\"container\" data-settings=\"{&quot;background_background&quot;:&quot;classic&quot;}\">\n\t\t\t\t\t<div class=\"e-con-inner\">\n\t\t<div class=\"elementor-element elementor-element-c151b1d e-con-full e-flex e-con e-child\" data-id=\"c151b1d\" data-element_type=\"container\" data-e-type=\"container\">\n\t\t\t\t<div class=\"elementor-element elementor-element-709a51a elementor-widget elementor-widget-heading\" data-id=\"709a51a\" data-element_type=\"widget\" data-e-type=\"widget\" data-widget_type=\"heading.default\">\n\t\t\t\t<div class=\"elementor-widget-container\">\n\t\t\t\t\t<h1 class=\"elementor-heading-title elementor-size-default\">Datenschutzerkl\u00e4rung<\/h1>\t\t\t\t<\/div>\n\t\t\t\t<\/div>\n\t\t\t\t<\/div>\n\t\t\t\t\t<\/div>\n\t\t\t\t<\/div>\n\t\t<div class=\"elementor-element elementor-element-b058e1b e-flex e-con-boxed e-con e-parent\" data-id=\"b058e1b\" data-element_type=\"container\" data-e-type=\"container\" data-settings=\"{&quot;background_background&quot;:&quot;classic&quot;}\">\n\t\t\t\t\t<div class=\"e-con-inner\">\n\t\t<div class=\"elementor-element elementor-element-88e0197 e-con-full e-flex e-con e-child\" data-id=\"88e0197\" data-element_type=\"container\" data-e-type=\"container\">\n\t\t\t\t<div class=\"elementor-element elementor-element-97ff2d5 elementor-widget elementor-widget-text-editor\" data-id=\"97ff2d5\" data-element_type=\"widget\" data-e-type=\"widget\" data-widget_type=\"text-editor.default\">\n\t\t\t\t<div class=\"elementor-widget-container\">\n\t\t\t\t\t\t\t\t\t<p data-start=\"324\" data-end=\"581\">Ihre Privatsph\u00e4re ist uns wichtig. Diese Datenschutzerkl\u00e4rung erl\u00e4utert, wie wir sammeln, verwenden, offenlegen und sch\u00fctzen Sie Ihre pers\u00f6nlichen Daten, wenn Sie diese website besuchen oder unsere Dienste nutzen, darunter auch die Buchung einer Ferienwohnung, die \u00fcbermittlung einer Anfrage, oder Kontaktieren Sie uns.<\/p><p data-start=\"583\" data-end=\"646\">Durch die Nutzung dieser Website erkl\u00e4ren Sie sich mit dem Verfahren unten beschrieben.<\/p><hr data-start=\"648\" data-end=\"651\" \/><h3 data-start=\"653\" data-end=\"681\">1. Informationen Die Wir Sammeln<\/h3><p data-start=\"683\" data-end=\"742\">Wir sammeln die folgenden Arten von pers\u00f6nlichen Informationen:<\/p><ul data-start=\"744\" data-end=\"1159\"><li data-start=\"744\" data-end=\"804\"><p data-start=\"746\" data-end=\"804\"><strong data-start=\"746\" data-end=\"769\">Kontakt Informationen<\/strong>: Name, E-Mail-Adresse, Telefonnummer<\/p><\/li><li data-start=\"805\" data-end=\"878\"><p data-start=\"807\" data-end=\"878\"><strong data-start=\"807\" data-end=\"826\">Details Zur Buchung<\/strong>: Termin, Anzahl der G\u00e4ste, die Eigenschaft ausgew\u00e4hlt ist<\/p><\/li><li data-start=\"879\" data-end=\"959\"><p data-start=\"881\" data-end=\"959\"><strong data-start=\"881\" data-end=\"904\">Zahlung Informationen<\/strong>: Gesammelte sicher via third-party payment processors<\/p><\/li><li data-start=\"960\" data-end=\"1036\"><p data-start=\"962\" data-end=\"1036\"><strong data-start=\"962\" data-end=\"983\">Benutzerkonto Info<\/strong> (falls zutreffend): Login-Daten und gespeicherten Einstellungen<\/p><\/li><li data-start=\"1037\" data-end=\"1159\"><p data-start=\"1039\" data-end=\"1159\"><strong data-start=\"1039\" data-end=\"1057\">Technische Daten<\/strong>: IP-Adresse, browser-Typ, besuchte Seiten und Verweildauer auf der Website (\u00fcber cookies oder Analyse-tools)<\/p><\/li><\/ul><hr data-start=\"1161\" data-end=\"1164\" \/><h3 data-start=\"1166\" data-end=\"1199\">2. Wie Wir Ihre Informationen Verwenden<\/h3><p data-start=\"1201\" data-end=\"1237\">Wir verwenden die gesammelten Informationen, um:<\/p><ul data-start=\"1239\" data-end=\"1497\"><li data-start=\"1239\" data-end=\"1290\"><p data-start=\"1241\" data-end=\"1290\">Beantwortung von Anfragen und Bereitstellung von Kunden-support<\/p><\/li><li data-start=\"1291\" data-end=\"1336\"><p data-start=\"1293\" data-end=\"1336\">Verarbeiten und verwalten Sie Reservierungen oder Buchungen<\/p><\/li><li data-start=\"1337\" data-end=\"1385\"><p data-start=\"1339\" data-end=\"1385\">Kommunizieren Sie wichtige updates oder Best\u00e4tigungen<\/p><\/li><li data-start=\"1386\" data-end=\"1435\"><p data-start=\"1388\" data-end=\"1435\">Verbesserung der website-performance und user experience<\/p><\/li><li data-start=\"1436\" data-end=\"1497\"><p data-start=\"1438\" data-end=\"1497\">Senden Sie Werbe-E-Mails oder Angebote (nur wenn Sie schon best\u00e4tigt)<\/p><\/li><\/ul><p data-start=\"1499\" data-end=\"1544\">Wir werden Ihre pers\u00f6nlichen Daten niemals weiterverkaufen.<\/p><hr data-start=\"1546\" data-end=\"1549\" \/><h3 data-start=\"1551\" data-end=\"1579\">3. Austausch von Informationen<\/h3><p data-start=\"1581\" data-end=\"1656\">Eventuell teilen wir Ihre Daten mit Dritten nur in den folgenden Situationen:<\/p><ul data-start=\"1658\" data-end=\"1989\"><li data-start=\"1658\" data-end=\"1742\"><p data-start=\"1660\" data-end=\"1742\"><strong data-start=\"1660\" data-end=\"1681\">Service Provider<\/strong>: Zur Abwicklung von Zahlungen, verwalten Sie Buchungen oder die host-Daten sicher<\/p><\/li><li data-start=\"1743\" data-end=\"1856\"><p data-start=\"1745\" data-end=\"1856\"><strong data-start=\"1745\" data-end=\"1767\">Rechtliche Anforderungen<\/strong>: Wenn erforderlich, um die Einhaltung der geltenden Gesetze, Gerichtsverfahren oder auf Staatliche Anfragen<\/p><\/li><li data-start=\"1857\" data-end=\"1989\"><p data-start=\"1859\" data-end=\"1989\"><strong data-start=\"1859\" data-end=\"1880\">Plattform-Partner<\/strong>: Wenn Sie Ihre Buchung \u00fcber eine Dritte-party Website (z.B. Airbnb, Vrbo), auch Ihre Daten unterliegt deren Datenschutzbestimmungen<\/p><\/li><\/ul><hr data-start=\"1991\" data-end=\"1994\" \/><h3 data-start=\"1996\" data-end=\"2020\">4. Cookies &amp; Tracking<\/h3><p data-start=\"2022\" data-end=\"2073\">Diese Website verwendet cookies und \u00e4hnliche Technologien, um:<\/p><ul data-start=\"2075\" data-end=\"2194\"><li data-start=\"2075\" data-end=\"2105\"><p data-start=\"2077\" data-end=\"2105\">Erkennt wiederkehrende Besucher<\/p><\/li><li data-start=\"2106\" data-end=\"2133\"><p data-start=\"2108\" data-end=\"2133\">Denken Sie daran, Ihre Pr\u00e4ferenzen<\/p><\/li><li data-start=\"2134\" data-end=\"2194\"><p data-start=\"2136\" data-end=\"2194\">Messen traffic und-Nutzung Muster durch analytics-tools<\/p><\/li><\/ul><p data-start=\"2196\" data-end=\"2256\">Sie k\u00f6nnen verwalten von cookie-Pr\u00e4ferenzen \u00fcber Ihre browser-Einstellungen.<\/p><hr data-start=\"2258\" data-end=\"2261\" \/><h3 data-start=\"2263\" data-end=\"2282\">5. Datensicherheit<\/h3><p data-start=\"2284\" data-end=\"2471\">Wir wenden angemessene Sicherheitsma\u00dfnahmen zum Schutz Ihrer Daten vor unbefugtem Zugriff, Verwendung oder Ver\u00f6ffentlichung. Dies umfasst die sichere Zahlungsabwicklung und die Beschr\u00e4nkung des Zugangs zu sensiblen Informationen.<\/p><p data-start=\"2473\" data-end=\"2583\">Jedoch, keine internet-\u00fcbertragungs-oder Speichermethode 100% sicher ist und wir keine absolute Sicherheit gew\u00e4hrleistet werden.<\/p><hr data-start=\"2585\" data-end=\"2588\" \/><h3 data-start=\"2590\" data-end=\"2607\">6. Ihre Rechte<\/h3><p data-start=\"2609\" data-end=\"2631\">Sie haben das Recht:<\/p><ul data-start=\"2633\" data-end=\"2823\"><li data-start=\"2633\" data-end=\"2678\"><p data-start=\"2635\" data-end=\"2678\">Anfrage Zugang zu Ihren pers\u00f6nlichen Daten<\/p><\/li><li data-start=\"2679\" data-end=\"2719\"><p data-start=\"2681\" data-end=\"2719\">Fragen f\u00fcr Korrekturen zu ungenaue Daten<\/p><\/li><li data-start=\"2720\" data-end=\"2766\"><p data-start=\"2722\" data-end=\"2766\">Die Einwilligung zur marketing-Kommunikation<\/p><\/li><li data-start=\"2767\" data-end=\"2823\"><p data-start=\"2769\" data-end=\"2823\">Die L\u00f6schung Ihrer Daten verlangen, soweit gesetzlich zul\u00e4ssig<\/p><\/li><\/ul><p data-start=\"2825\" data-end=\"2892\">Um diese Rechte auszu\u00fcben, nutzen Sie bitte das Kontaktformular auf dieser Seite.<\/p><hr data-start=\"2894\" data-end=\"2897\" \/><h3 data-start=\"2899\" data-end=\"2922\">7. Third-Party Links<\/h3><p data-start=\"2924\" data-end=\"3112\">Diese Website enth\u00e4lt links zu websites Dritter. Wir sind nicht verantwortlich f\u00fcr die Datenschutz-policies oder den Inhalt dieser Websites. Wir empfehlen die \u00fcberpr\u00fcfung auf deren Datenschutzrichtlinien individuell.<\/p><hr data-start=\"3114\" data-end=\"3117\" \/><h3 data-start=\"3119\" data-end=\"3143\">8. Datenschutz f\u00fcr Kinder<\/h3><p data-start=\"3145\" data-end=\"3377\">Diese Seite ist nicht bestimmt f\u00fcr Personen unter dem Alter von 18. Wir erfassen nicht wissentlich personenbezogene Daten von minderj\u00e4hrigen. Wenn wir lernen, die wir gesammelt haben, Daten von einem Kind ohne entsprechende Zustimmung, werden wir Schritte Unternehmen, um es zu l\u00f6schen.<\/p><hr data-start=\"3379\" data-end=\"3382\" \/><h3 data-start=\"3384\" data-end=\"3412\">9. \u00c4nderungen an Dieser Datenschutzerkl\u00e4rung<\/h3><p data-start=\"3414\" data-end=\"3602\">M\u00f6glicherweise aktualisieren wir diese Datenschutzerkl\u00e4rung von Zeit zu Zeit. \u00c4nderungen werden auf dieser Seite ver\u00f6ffentlicht, mit einem aktualisierten Revisionsdatum. Die Seite weiterhin nutzen, erkennen Sie alle \u00e4nderungen.<\/p><hr data-start=\"3604\" data-end=\"3607\" \/><h3 data-start=\"3609\" data-end=\"3637\">10. Fragen oder Bedenken<\/h3><p data-start=\"3639\" data-end=\"3741\">Wenn Sie Fragen zu dieser Datenschutzerkl\u00e4rung haben, wenden Sie sich bitte an uns.<\/p>\t\t\t\t\t\t\t\t<\/div>\n\t\t\t\t<\/div>\n\t\t\t\t<\/div>\n\t\t\t\t\t<\/div>\n\t\t\t\t<\/div>\n\t\t\t\t<\/div>","protected":false},"excerpt":{"rendered":"<p>Your privacy is important to us. This Privacy Policy explains how we collect, use, disclose, and protect your personal information when you visit this website or use our services, including booking a vacation rental, submitting an inquiry, or contacting us. By using this site, you agree to the practices described below. 1. Information We Collect [&hellip;]<\/p>\n","protected":false},"author":2,"featured_media":0,"parent":0,"menu_order":0,"comment_status":"closed","ping_status":"open","template":"elementor_header_footer","meta":{"_acf_changed":false,"footnotes":""},"class_list":["post-3","page","type-page","status-publish","hentry"],"acf":[],"_links":{"self":[{"href":"https:\/\/oystr.rentals\/de\/wp-json\/wp\/v2\/pages\/3","targetHints":{"allow":["GET"]}}],"collection":[{"href":"https:\/\/oystr.rentals\/de\/wp-json\/wp\/v2\/pages"}],"about":[{"href":"https:\/\/oystr.rentals\/de\/wp-json\/wp\/v2\/types\/page"}],"author":[{"embeddable":true,"href":"https:\/\/oystr.rentals\/de\/wp-json\/wp\/v2\/users\/2"}],"replies":[{"embeddable":true,"href":"https:\/\/oystr.rentals\/de\/wp-json\/wp\/v2\/comments?post=3"}],"version-history":[{"count":7,"href":"https:\/\/oystr.rentals\/de\/wp-json\/wp\/v2\/pages\/3\/revisions"}],"predecessor-version":[{"id":200104,"href":"https:\/\/oystr.rentals\/de\/wp-json\/wp\/v2\/pages\/3\/revisions\/200104"}],"wp:attachment":[{"href":"https:\/\/oystr.rentals\/de\/wp-json\/wp\/v2\/media?parent=3"}],"curies":[{"name":"wp","href":"https:\/\/api.w.org\/{rel}","templated":true}]}}