{"id":196974,"date":"2024-11-20T11:06:56","date_gmt":"2024-11-20T11:06:56","guid":{"rendered":"https:\/\/oystr.rentals\/?page_id=196974"},"modified":"2026-03-03T23:18:30","modified_gmt":"2026-03-03T23:18:30","slug":"terms-and-conditions","status":"publish","type":"page","link":"https:\/\/oystr.rentals\/de\/terms-and-conditions\/","title":{"rendered":"Gesch\u00e4ftsbedingungen"},"content":{"rendered":"<div data-elementor-type=\"wp-page\" data-elementor-id=\"196974\" class=\"elementor elementor-196974\" data-elementor-post-type=\"page\">\n\t\t\t\t<div class=\"elementor-element elementor-element-fcca0c6 e-flex e-con-boxed e-con e-parent\" data-id=\"fcca0c6\" data-element_type=\"container\" data-e-type=\"container\" data-settings=\"{&quot;background_background&quot;:&quot;classic&quot;}\">\n\t\t\t\t\t<div class=\"e-con-inner\">\n\t\t<div class=\"elementor-element elementor-element-37c4800 e-con-full e-flex e-con e-child\" data-id=\"37c4800\" data-element_type=\"container\" data-e-type=\"container\">\n\t\t\t\t<div class=\"elementor-element elementor-element-f1886a7 elementor-widget elementor-widget-heading\" data-id=\"f1886a7\" data-element_type=\"widget\" data-e-type=\"widget\" data-widget_type=\"heading.default\">\n\t\t\t\t<div class=\"elementor-widget-container\">\n\t\t\t\t\t<h1 class=\"elementor-heading-title elementor-size-default\">Gesch\u00e4ftsbedingungen<\/h1>\t\t\t\t<\/div>\n\t\t\t\t<\/div>\n\t\t\t\t<\/div>\n\t\t\t\t\t<\/div>\n\t\t\t\t<\/div>\n\t\t\t\t<section class=\"elementor-section elementor-top-section elementor-element elementor-element-6e5edd4 elementor-section-boxed elementor-section-height-default elementor-section-height-default\" data-id=\"6e5edd4\" data-element_type=\"section\" data-e-type=\"section\" data-settings=\"{&quot;background_background&quot;:&quot;classic&quot;}\">\n\t\t\t\t\t\t<div class=\"elementor-container elementor-column-gap-default\">\n\t\t\t\t\t<div class=\"elementor-column elementor-col-100 elementor-top-column elementor-element elementor-element-f2b9411\" data-id=\"f2b9411\" data-element_type=\"column\" data-e-type=\"column\">\n\t\t\t<div class=\"elementor-widget-wrap elementor-element-populated\">\n\t\t\t\t\t\t<div class=\"elementor-element elementor-element-91ced21 elementor-widget elementor-widget-text-editor\" data-id=\"91ced21\" data-element_type=\"widget\" data-e-type=\"widget\" data-widget_type=\"text-editor.default\">\n\t\t\t\t<div class=\"elementor-widget-container\">\n\t\t\t\t\t\t\t\t\t<p data-start=\"314\" data-end=\"573\">Willkommen bei Oystr Rentals. Mit dem Zugriff auf diese Website, dem Absenden einer Anfrage oder der Buchung einer Unterkunft erkl\u00e4ren Sie sich mit den nachfolgenden Allgemeinen Gesch\u00e4ftsbedingungen einverstanden. Diese Vereinbarung stellt ein rechtsverbindliches Abkommen zwischen Ihnen (dem Nutzer oder Gast) und dem Betreiber dieser Website dar.<\/p><p data-start=\"575\" data-end=\"666\">Bitte Lesen Sie die folgenden Ferienwohnung Bedingungen und Bedingungen sorgf\u00e4ltig durch, bevor Sie fortfahren.<\/p><hr data-start=\"668\" data-end=\"671\" \/><h2 data-start=\"673\" data-end=\"691\">1. Einf\u00fchrung<\/h2><p data-start=\"693\" data-end=\"1086\">Diese Bedingungen Regeln Ihre Nutzung dieser website und Ihrer Buchung Kurzfristige Ferien-Vermietung Eigenschaften hier. Durch die Nutzung dieser website oder dem Abschluss einer Buchung best\u00e4tigen Sie, dass Sie gelesen und verstanden haben, und Sie stimmte zu, rechtlich an diese Gesch\u00e4ftsbedingungen gebunden. Wenn Sie nicht Zustimmen mit irgendeinem Teil dieser Bedingungen sind, sollten Sie nicht fortfahren mit der Verwendung der Website oder einer Buchung ab.<\/p><hr data-start=\"1088\" data-end=\"1091\" \/><h2 data-start=\"1093\" data-end=\"1112\">2. Buchungsbedingungen<\/h2><p data-start=\"1114\" data-end=\"1288\">Eigenschaften der auf dieser Website aufgef\u00fchrten reserviert werden k\u00f6nnen, entweder direkt \u00fcber die Webseite oder \u00fcber Dritte-party Plattformen. Die Buchung wird variieren je nach Plattform.<\/p><ul data-start=\"1290\" data-end=\"1771\"><li data-start=\"1290\" data-end=\"1354\"><p data-start=\"1292\" data-end=\"1354\"><strong data-start=\"1292\" data-end=\"1307\">Mindestalter<\/strong>G\u00e4ste m\u00fcssen mindestens 25 Jahre alt sein, um buchen zu k\u00f6nnen.<\/p><\/li><li data-start=\"1355\" data-end=\"1454\"><p data-start=\"1357\" data-end=\"1454\"><strong data-start=\"1357\" data-end=\"1375\">Identifikation<\/strong>: G\u00fcltiger, von der Regierung ausgestellten Identifikation erforderlich sein kann, die vor oder beim check-in.<\/p><\/li><li data-start=\"1455\" data-end=\"1605\"><p data-start=\"1457\" data-end=\"1605\"><strong data-start=\"1457\" data-end=\"1469\">Zahlungen<\/strong>In der Regel ist zum Zeitpunkt der Buchung eine Anzahlung oder die vollst\u00e4ndige Zahlung erforderlich.<\/p><p data-pm-slice=\"1 1 []\">Mit unserem zweistufigen Zahlungsplan zahlen Sie bei der Buchung nur 50% \u2013 die zweite Rate von 50% ist sp\u00e4testens 30 Tage vor Anreise f\u00e4llig.<\/p><p>Wenn Sie direkt buchen, sorgen wir daf\u00fcr, dass Sie einen besseren Preis erhalten als \u00fcber andere Kan\u00e4le \u2013 unser Direktbuchungsbonus gilt f\u00fcr alle Buchungen, auch wenn es Ihre erste ist.<\/p><\/li><li data-start=\"1606\" data-end=\"1771\"><p data-start=\"1608\" data-end=\"1771\"><strong data-start=\"1608\" data-end=\"1623\">Hausordnung<\/strong>: Abnahme der Unterkunft Haus Bestimmungen erforderlich ist. Diese beinhalten Richtlinien f\u00fcr L\u00e4rm -, Gast-Grenzwerte, beim check-in\/out-Zeiten und die Verwendung von Annehmlichkeiten.<\/p><\/li><\/ul><p data-start=\"1773\" data-end=\"1852\">Die Nichteinhaltung der Buchungsbedingungen kann zur Stornierung ohne R\u00fcckerstattung.<\/p><hr data-start=\"1854\" data-end=\"1857\" \/><h2 data-start=\"1859\" data-end=\"1888\">3. Stornierungen &amp; R\u00fcckerstattungen<\/h2><p data-start=\"1890\" data-end=\"2001\">Die Stornierungs-und R\u00fcckerstattungsrichtlinie wird eindeutig bei der Buchung angegeben. Typische Ma\u00dfnahmen sind:<\/p><ul data-start=\"2003\" data-end=\"2217\"><li data-start=\"2003\" data-end=\"2078\"><p data-start=\"2005\" data-end=\"2078\"><strong data-start=\"2005\" data-end=\"2020\">Volle R\u00fcckerstattung<\/strong>: F\u00fcr Stornierungen, die mehr als 60 Tage vor Anreise erfolgen.<\/p><\/li><li data-start=\"2079\" data-end=\"2150\"><p data-start=\"2081\" data-end=\"2150\"><strong data-start=\"2081\" data-end=\"2099\">Teilweise R\u00fcckerstattung<\/strong>: F\u00fcr Stornierungen, die 60\u201330 Tage vor Anreise erfolgen.<\/p><\/li><li data-start=\"2151\" data-end=\"2217\"><p data-start=\"2153\" data-end=\"2217\"><strong data-start=\"2153\" data-end=\"2166\">Keine R\u00fcckerstattung<\/strong>: F\u00fcr Stornierungen, die innerhalb von 30 Tagen vor Anreise erfolgen.<\/p><\/li><\/ul><p data-start=\"2219\" data-end=\"2398\">Wenn die Buchung durch eine Dritte-party Plattform (z.B. Airbnb, Vrbo, etc.), Ihre jeweilige Stornierung und R\u00fcckerstattung anzuwenden und kann unterscheiden sich von den oben aufgef\u00fchrten.<\/p><hr data-start=\"2400\" data-end=\"2403\" \/><h2 data-start=\"2405\" data-end=\"2433\">4. Gast Aufgaben<\/h2><p data-start=\"2435\" data-end=\"2535\">Die G\u00e4ste Stimmen zu, behandeln das Eigentum und die Umgebung mit Sorgfalt und Respekt w\u00e4hrend Ihres Aufenthalts.<\/p><ul data-start=\"2537\" data-end=\"3046\"><li data-start=\"2537\" data-end=\"2626\"><p data-start=\"2539\" data-end=\"2626\"><strong data-start=\"2539\" data-end=\"2567\">Einhaltung der Hausordnung<\/strong>: Die G\u00e4ste m\u00fcssen im Einklang mit allen gepostet oder \u00fcbermittelt Regeln.<\/p><\/li><li data-start=\"2627\" data-end=\"2725\"><p data-start=\"2629\" data-end=\"2725\"><strong data-start=\"2629\" data-end=\"2649\">Belegung Grenzen<\/strong>: Nur die Anzahl der G\u00e4ste bei der Buchung angegeben, d\u00fcrfen \u00fcber Nacht bleiben.<\/p><\/li><li data-start=\"2726\" data-end=\"2818\"><p data-start=\"2728\" data-end=\"2818\"><strong data-start=\"2728\" data-end=\"2748\">Partys &amp; Events<\/strong>: Unerlaubte Zusammenk\u00fcnfte, Partys oder Veranstaltungen sind strengstens untersagt.<\/p><\/li><li data-start=\"2819\" data-end=\"2945\"><p data-start=\"2821\" data-end=\"2945\"><strong data-start=\"2821\" data-end=\"2832\">Sch\u00e4den<\/strong>: Die G\u00e4ste sind finanziell verantwortlich f\u00fcr Sch\u00e4den, die \u00fcberm\u00e4\u00dfige Reinigung oder verlorene Gegenst\u00e4nde verursacht, die w\u00e4hrend Ihres Aufenthalts.<\/p><\/li><li data-start=\"2946\" data-end=\"3046\"><p data-start=\"2948\" data-end=\"3046\"><strong data-start=\"2948\" data-end=\"2966\">Haustiere &amp; Rauchen<\/strong>: Sofern nicht ausdr\u00fccklich erlaubt, Haustiere und Rauchen sind nicht erlaubt auf dem Gel\u00e4nde.<\/p><\/li><\/ul><p data-start=\"3048\" data-end=\"3151\">Verletzung der Gast Zust\u00e4ndigkeiten kann es in Folge der R\u00e4umung und\/oder Kosten f\u00fcr Besch\u00e4digung oder zus\u00e4tzliche Reinigung.<\/p><hr data-start=\"3153\" data-end=\"3156\" \/><h2 data-start=\"3158\" data-end=\"3178\">5. Nutzung der Website<\/h2><p data-start=\"3180\" data-end=\"3271\">Die Benutzer verpflichten sich, nicht zu engagieren in einem nicht autorisierten oder ungesetzlichen Aktivit\u00e4t bei Nutzung dieser website.<\/p><p data-start=\"3273\" data-end=\"3325\">Verbotene Verhaltensweisen umfassen, sind aber nicht beschr\u00e4nkt auf:<\/p><ul data-start=\"3327\" data-end=\"3488\"><li data-start=\"3327\" data-end=\"3377\"><p data-start=\"3329\" data-end=\"3377\">Versuchen, zu verletzen oder zu gef\u00e4hrden, site Sicherheit<\/p><\/li><li data-start=\"3378\" data-end=\"3421\"><p data-start=\"3380\" data-end=\"3421\">\u00dcbermittlung von spam oder unerw\u00fcnschte Nachrichten<\/p><\/li><li data-start=\"3422\" data-end=\"3488\"><p data-start=\"3424\" data-end=\"3488\">Schaben, duplizieren oder den Missbrauch von Inhalten oder Daten von der Website<\/p><\/li><\/ul><p data-start=\"3490\" data-end=\"3654\">Alle Inhalte auf dieser website sind das geistige Eigentum des Seitenbetreibers, soweit nicht anders angegeben. Vervielf\u00e4ltigung oder Verbreitung ohne Genehmigung ist untersagt.<\/p><hr data-start=\"3656\" data-end=\"3659\" \/><h2 data-start=\"3661\" data-end=\"3687\">6. Haftungsausschluss<\/h2><p data-start=\"3689\" data-end=\"3756\">Der Betreiber dieser Seite und seine Partner sind nicht verantwortlich f\u00fcr:<\/p><ul data-start=\"3758\" data-end=\"4065\"><li data-start=\"3758\" data-end=\"3839\"><p data-start=\"3760\" data-end=\"3839\"><strong data-start=\"3760\" data-end=\"3778\">Website Themen<\/strong>: Vor\u00fcbergehende Nichtverf\u00fcgbarkeit, Ungenauigkeiten oder technische Fehler<\/p><\/li><li data-start=\"3840\" data-end=\"3925\"><p data-start=\"3842\" data-end=\"3925\"><strong data-start=\"3842\" data-end=\"3861\">Gast Vorf\u00e4lle<\/strong>: Verletzungen, Unf\u00e4lle, Verluste oder Diebst\u00e4hle, die w\u00e4hrend eines Aufenthalts<\/p><\/li><li data-start=\"3926\" data-end=\"4065\"><p data-start=\"3928\" data-end=\"4065\"><strong data-start=\"3928\" data-end=\"3945\">H\u00f6here Gewalt<\/strong>: Verz\u00f6gerungen oder Stornierungen aufgrund von Naturkatastrophen, Wetter, Streik, Staatliche Handlungen, oder andere Unkontrollierbare Ereignisse<\/p><\/li><\/ul><p data-start=\"4067\" data-end=\"4157\">G\u00e4ste beraten, eine entsprechende Reise-und Krankenversicherung vor Ihrem Aufenthalt.<\/p><hr data-start=\"4159\" data-end=\"4162\" \/><h2 data-start=\"4164\" data-end=\"4187\">7. Datenschutz Referenz<\/h2><p data-start=\"4189\" data-end=\"4414\">Die Benutzung dieser Website unterliegt den Datenschutzrichtlinien beschrieben in den zugeh\u00f6rigen Datenschutzbestimmungen. Nutzer werden aufgefordert, zu \u00fcberpr\u00fcfen, dass eine Politik, zu verstehen, wie Ihre pers\u00f6nlichen Informationen gesammelt, verwendet und gesch\u00fctzt werden.<\/p><hr data-start=\"4416\" data-end=\"4419\" \/><h2 data-start=\"4421\" data-end=\"4443\">8. \u00c4nderungen der Nutzungsbedingungen<\/h2><p data-start=\"4445\" data-end=\"4695\">Diese Gesch\u00e4ftsbedingungen kann regelm\u00e4\u00dfig aktualisiert werden. Es liegt in der Verantwortung der Benutzer oder Gast zu \u00fcberpr\u00fcfen, diese Seite f\u00fcr die updates vor der Buchung. Weitere Nutzung der Website, nachdem \u00e4nderungen ver\u00f6ffentlicht werden, stellt die Annahme der \u00fcberarbeiteten Bedingungen an.<\/p><hr data-start=\"4697\" data-end=\"4700\" \/><h2 data-start=\"4702\" data-end=\"4715\">9. Kontakt<\/h2><p data-start=\"4717\" data-end=\"4865\">F\u00fcr Fragen zu diesen Bedingungen und Konditionen, sollten Benutzer verwenden Sie das entsprechende Kontakt-Formular oder Kommunikations-Kanal zur Verf\u00fcgung gestellt auf der Website.<\/p><h2>10. Urheberrecht<\/h2><p data-start=\"4717\" data-end=\"4865\">Alle Elemente dieser elektronischen Ausgabe von Oystr Rentals, einschlie\u00dflich Texte, Fotos, Illustrationen usw., sind urheberrechtlich gesch\u00fctzt. Jegliche Vervielf\u00e4ltigung, Reproduktion und Verbreitung ohne ausdr\u00fcckliche Genehmigung von Oystr Rentals ist untersagt, mit Ausnahme des gesetzlich definierten Zitierrechts.\u00a0<span style=\"color: inherit; background-color: inherit; letter-spacing: inherit;\">Die kommerzielle Nutzung der Elemente der elektronischen Ausgabe von Oystr Rentals, einschlie\u00dflich Texte, Fotos, Illustrationen und anderer Inhalte, ist ausdr\u00fccklich untersagt.<\/span><\/p><p data-start=\"4717\" data-end=\"4865\">Oystr Rentals beh\u00e4lt sich das Recht vor, rechtliche Schritte gegen diejenigen einzuleiten, die Elemente dieser elektronischen Ausgabe unerlaubt kopieren, vervielf\u00e4ltigen, verbreiten oder kommerziell nutzen.<\/p><p data-start=\"4717\" data-end=\"4865\">Letzte Aktualisierung\u00a0<\/p><p data-start=\"4717\" data-end=\"4865\">1. M\u00e4rz 2026 | \u00a9 2026 Oystr Rentals | Alle Rechte vorbehalten<\/p><p data-start=\"4717\" data-end=\"4865\">\u00a0<\/p>\t\t\t\t\t\t\t\t<\/div>\n\t\t\t\t<\/div>\n\t\t\t\t\t<\/div>\n\t\t<\/div>\n\t\t\t\t\t<\/div>\n\t\t<\/section>\n\t\t\t\t<\/div>","protected":false},"excerpt":{"rendered":"<p>Welcome to Oystr Rentals. By accessing this website, submitting an inquiry, or booking a property, you agree to be bound by the terms and conditions outlined below. This agreement constitutes a legal understanding between you (the user or guest) and the operator of this site. Please read the following vacation rental terms and conditions carefully [&hellip;]<\/p>\n","protected":false},"author":2,"featured_media":0,"parent":0,"menu_order":0,"comment_status":"closed","ping_status":"closed","template":"elementor_header_footer","meta":{"_acf_changed":false,"footnotes":""},"class_list":["post-196974","page","type-page","status-publish","hentry"],"acf":[],"_links":{"self":[{"href":"https:\/\/oystr.rentals\/de\/wp-json\/wp\/v2\/pages\/196974","targetHints":{"allow":["GET"]}}],"collection":[{"href":"https:\/\/oystr.rentals\/de\/wp-json\/wp\/v2\/pages"}],"about":[{"href":"https:\/\/oystr.rentals\/de\/wp-json\/wp\/v2\/types\/page"}],"author":[{"embeddable":true,"href":"https:\/\/oystr.rentals\/de\/wp-json\/wp\/v2\/users\/2"}],"replies":[{"embeddable":true,"href":"https:\/\/oystr.rentals\/de\/wp-json\/wp\/v2\/comments?post=196974"}],"version-history":[{"count":21,"href":"https:\/\/oystr.rentals\/de\/wp-json\/wp\/v2\/pages\/196974\/revisions"}],"predecessor-version":[{"id":200099,"href":"https:\/\/oystr.rentals\/de\/wp-json\/wp\/v2\/pages\/196974\/revisions\/200099"}],"wp:attachment":[{"href":"https:\/\/oystr.rentals\/de\/wp-json\/wp\/v2\/media?parent=196974"}],"curies":[{"name":"wp","href":"https:\/\/api.w.org\/{rel}","templated":true}]}}